{"id":11,"date":"2014-11-11T11:14:05","date_gmt":"2014-11-11T11:14:05","guid":{"rendered":"http:\/\/anpsthemes.com\/constructo\/?page_id=11"},"modified":"2021-07-09T18:39:40","modified_gmt":"2021-07-09T23:39:40","slug":"sobre","status":"publish","type":"page","link":"https:\/\/www.fabriciomuller.com.br\/ingenieria\/sobre\/","title":{"rendered":"SOBRE"},"content":{"rendered":"<p>[vc_row css=\u00bb.vc_custom_1531928111916{margin-top: 80px !important;margin-bottom: 80px !important;}\u00bb][vc_column width=\u00bb1\/2&#8243;][vc_single_image image=\u00bb838&#8243; img_size=\u00bbfull\u00bb alignment=\u00bbcenter\u00bb][\/vc_column][vc_column width=\u00bb1\/2&#8243;][vc_custom_heading text=\u00bbFORMACI\u00d3N\u00bb font_container=\u00bbtag:h3|text_align:left\u00bb google_fonts=\u00bbfont_family:Open%20Sans%20Condensed%3A300%2C300italic%2C700|font_style:700%20bold%20regular%3A700%3Anormal\u00bb][vc_column_text]<strong>Graduaci\u00f3n en Ingenier\u00eda Civil<\/strong><br \/>\nUniversidade Federal do Paran\u00e1 (1987 &#8211; 1992)[\/vc_column_text][vc_empty_space height=\u00bb20px\u00bb][vc_column_text]<strong>Maestr\u00eda en Ingenier\u00eda Hidr\u00e1ulica<\/strong><br \/>\nUniversidade Federal do Paran\u00e1 (1993 &#8211; 1997)[\/vc_column_text][vc_empty_space height=\u00bb50px\u00bb][vc_empty_space height=\u00bb20px\u00bb][vc_column_text]Fabricio Muller tiene experiencia profesional en las \u00e1reas de hidrolog\u00eda, estructuras y estudios energ\u00e9ticos. Se gradu\u00f3 en Ingenier\u00eda Civil por la UFPR \u2013 Universidad Federal de Paran\u00e1 (1992) y obtuvo maestr\u00eda en Ingenier\u00eda de Recursos H\u00eddricos por la UFPR (1997).<\/p>\n<p>Trabaj\u00f3 como el ingeniero civil en Copel (1994-2000), en Tramo S\/C Estructuras (2000-2007) yen Intertechne Consultores Associados (2007-2018).<\/p>\n<p>Tambi\u00e9n se interesa por literatura y cr\u00edtica musical, y ha mantenido una columna de literatura en el peri\u00f3dico Estado de Paran\u00e1 durante aproximadamente un a\u00f1o (2006). Tiene un sitio de cr\u00edtica literaria y musical (<a href=\"http:\/\/fabriciomuller.com.br\/wp\" target=\"_blank\" rel=\"noopener\">fabriciomuller.com.br\/wp<\/a>) y ha publicado en 2017 su primera novela, \u00abUm amor como nenhum outro\u00bb, por la Editora Schoba.[\/vc_column_text][\/vc_column][\/vc_row][vc_row full_width=\u00bbstretch_row\u00bb css=\u00bb.vc_custom_1531928180228{padding-top: 80px !important;padding-bottom: 80px !important;background-color: #eaeaea !important;}\u00bb has_content=\u00bbtrue\u00bb][vc_column width=\u00bb1\/2&#8243;][vc_single_image image=\u00bb969&#8243; img_size=\u00bbfull\u00bb][\/vc_column][vc_column width=\u00bb1\/2&#8243;][vc_single_image image=\u00bb968&#8243; img_size=\u00bbfull\u00bb][\/vc_column][\/vc_row]<\/p>\n","protected":false},"excerpt":{"rendered":"<p>[vc_row css=\u00bb.vc_custom_1531928111916{margin-top: 80px !important;margin-bottom: 80px !important;}\u00bb][vc_column width=\u00bb1\/2&#8243;][vc_single_image image=\u00bb838&#8243; img_size=\u00bbfull\u00bb alignment=\u00bbcenter\u00bb][\/vc_column][vc_column width=\u00bb1\/2&#8243;][vc_custom_heading text=\u00bbFORMACI\u00d3N\u00bb font_container=\u00bbtag:h3|text_align:left\u00bb google_fonts=\u00bbfont_family:Open%20Sans%20Condensed%3A300%2C300italic%2C700|font_style:700%20bold%20regular%3A700%3Anormal\u00bb][vc_column_text]Graduaci\u00f3n en Ingenier\u00eda Civil Universidade Federal do Paran\u00e1 (1987 &#8211; 1992)[\/vc_column_text][vc_empty_space height=\u00bb20px\u00bb][vc_column_text]Maestr\u00eda en Ingenier\u00eda Hidr\u00e1ulica Universidade Federal [&hellip;]<\/p>\n","protected":false},"author":1,"featured_media":0,"parent":0,"menu_order":0,"comment_status":"open","ping_status":"open","template":"","meta":{"footnotes":""},"class_list":["post-11","page","type-page","status-publish","hentry"],"_links":{"self":[{"href":"https:\/\/www.fabriciomuller.com.br\/ingenieria\/wp-json\/wp\/v2\/pages\/11","targetHints":{"allow":["GET"]}}],"collection":[{"href":"https:\/\/www.fabriciomuller.com.br\/ingenieria\/wp-json\/wp\/v2\/pages"}],"about":[{"href":"https:\/\/www.fabriciomuller.com.br\/ingenieria\/wp-json\/wp\/v2\/types\/page"}],"author":[{"embeddable":true,"href":"https:\/\/www.fabriciomuller.com.br\/ingenieria\/wp-json\/wp\/v2\/users\/1"}],"replies":[{"embeddable":true,"href":"https:\/\/www.fabriciomuller.com.br\/ingenieria\/wp-json\/wp\/v2\/comments?post=11"}],"version-history":[{"count":7,"href":"https:\/\/www.fabriciomuller.com.br\/ingenieria\/wp-json\/wp\/v2\/pages\/11\/revisions"}],"predecessor-version":[{"id":984,"href":"https:\/\/www.fabriciomuller.com.br\/ingenieria\/wp-json\/wp\/v2\/pages\/11\/revisions\/984"}],"wp:attachment":[{"href":"https:\/\/www.fabriciomuller.com.br\/ingenieria\/wp-json\/wp\/v2\/media?parent=11"}],"curies":[{"name":"wp","href":"https:\/\/api.w.org\/{rel}","templated":true}]}}