{"id":15,"date":"2014-11-11T11:14:30","date_gmt":"2014-11-11T11:14:30","guid":{"rendered":"http:\/\/anpsthemes.com\/constructo\/?page_id=15"},"modified":"2021-07-09T19:01:00","modified_gmt":"2021-07-10T00:01:00","slug":"contacto","status":"publish","type":"page","link":"https:\/\/www.fabriciomuller.com.br\/ingenieria\/contacto\/","title":{"rendered":"CONTACTO"},"content":{"rendered":"<p>[vc_row full_width=\u00bbstretch_row_content_no_spaces\u00bb has_content=\u00bbfalse\u00bb css=\u00bb.vc_custom_1436443742744{margin-bottom: 60px !important;}\u00bb][vc_column][vc_single_image image=\u00bb998&#8243; img_size=\u00bbfull\u00bb alignment=\u00bbcenter\u00bb onclick=\u00bbcustom_link\u00bb img_link_target=\u00bb_blank\u00bb link=\u00bbhttps:\/\/www.google.com\/maps\/place\/Av.+C%C3%A2ndido+de+Abreu,+427+-+Centro+C%C3%ADvico,+Curitiba+-+PR,+80530-000\/@-25.4203352,-49.2684998,17z\/data=!4m5!3m4!1s0x94dce410a8a0611f:0x53eae2071dea1e7f!8m2!3d-25.4204321!4d-49.2696692&#8243;][\/vc_column][\/vc_row][vc_row css=\u00bb.vc_custom_1436444292332{padding-bottom: 20px !important;}\u00bb][vc_column width=\u00bb1\/2&#8243;][vc_custom_heading text=\u00bbUBICACI\u00d3N\u00bb font_container=\u00bbtag:h3|text_align:left\u00bb google_fonts=\u00bbfont_family:Open%20Sans%20Condensed%3A300%2C300italic%2C700|font_style:700%20bold%20regular%3A700%3Anormal\u00bb][vc_column_text]<strong>Tramo Sociedade Civil Estruturas<\/strong><br \/>\nAv. C\u00e2ndido de Abreu, 427, Cj. 401<br \/>\nCuritiba, Paran\u00e1, Brasil<\/p>\n<p>Tel\/Whatsapp:\u00a0+55 41 99962.7958<br \/>\nEmail: contato@fabriciomuller.com.br<\/p>\n<p><strong>Servicio al Cliente<\/strong><br \/>\nLunes a Viernes, das 8h as 18h[\/vc_column_text][\/vc_column][vc_column width=\u00bb1\/2&#8243;][vc_custom_heading text=\u00bbENVIAR UN MENSAJE\u00bb font_container=\u00bbtag:h3|text_align:left\u00bb google_fonts=\u00bbfont_family:Open%20Sans%20Condensed%3A300%2C300italic%2C700|font_style:700%20bold%20regular%3A700%3Anormal\u00bb]\n<div class=\"wpcf7 no-js\" id=\"wpcf7-f452-o1\" lang=\"en-US\" dir=\"ltr\" data-wpcf7-id=\"452\">\n<div class=\"screen-reader-response\"><p role=\"status\" aria-live=\"polite\" aria-atomic=\"true\"><\/p> <ul><\/ul><\/div>\n<form action=\"\/ingenieria\/wp-json\/wp\/v2\/pages\/15#wpcf7-f452-o1\" method=\"post\" class=\"wpcf7-form init\" aria-label=\"Contact form\" novalidate=\"novalidate\" data-status=\"init\">\n<fieldset class=\"hidden-fields-container\"><input type=\"hidden\" name=\"_wpcf7\" value=\"452\" \/><input type=\"hidden\" name=\"_wpcf7_version\" value=\"6.1.4\" \/><input type=\"hidden\" name=\"_wpcf7_locale\" value=\"en_US\" \/><input type=\"hidden\" name=\"_wpcf7_unit_tag\" value=\"wpcf7-f452-o1\" \/><input type=\"hidden\" name=\"_wpcf7_container_post\" value=\"0\" \/><input type=\"hidden\" name=\"_wpcf7_posted_data_hash\" value=\"\" \/>\n<\/fieldset>\n<div class=\"col-sm-5 noleftpadding\">\n\t<p><span class=\"wpcf7-form-control-wrap\" data-name=\"y-nome\"><input size=\"40\" maxlength=\"400\" class=\"wpcf7-form-control wpcf7-text wpcf7-validates-as-required\" aria-required=\"true\" aria-invalid=\"false\" placeholder=\"Nombre*\" value=\"\" type=\"text\" name=\"y-nome\" \/><\/span>\n\t<\/p>\n\t<p><span class=\"wpcf7-form-control-wrap\" data-name=\"y-tel\"><input size=\"40\" maxlength=\"400\" class=\"wpcf7-form-control wpcf7-text wpcf7-validates-as-required\" aria-required=\"true\" aria-invalid=\"false\" placeholder=\"Tel\u00e9fono con c\u00f3digo del pa\u00eds*\" value=\"\" type=\"text\" name=\"y-tel\" \/><\/span>\n\t<\/p>\n\t<p><span class=\"wpcf7-form-control-wrap\" data-name=\"y-email\"><input size=\"40\" maxlength=\"400\" class=\"wpcf7-form-control wpcf7-email wpcf7-validates-as-required wpcf7-text wpcf7-validates-as-email\" aria-required=\"true\" aria-invalid=\"false\" placeholder=\"Email*\" value=\"\" type=\"email\" name=\"y-email\" \/><\/span>\n\t<\/p>\n\t<p><span class=\"wpcf7-form-control-wrap\" data-name=\"y-cidade\"><input size=\"40\" maxlength=\"400\" class=\"wpcf7-form-control wpcf7-text wpcf7-validates-as-required\" aria-required=\"true\" aria-invalid=\"false\" placeholder=\"Ciudad*\" value=\"\" type=\"text\" name=\"y-cidade\" \/><\/span>\n\t<\/p>\n<\/div>\n<div class=\"col-sm-7 norightpadding\">\n\t<p><span class=\"wpcf7-form-control-wrap\" data-name=\"y-estado\"><input size=\"40\" maxlength=\"400\" class=\"wpcf7-form-control wpcf7-text wpcf7-validates-as-required\" aria-required=\"true\" aria-invalid=\"false\" placeholder=\"Estado o provincia*\" value=\"\" type=\"text\" name=\"y-estado\" \/><\/span>\n\t<\/p>\n\t<p><span class=\"wpcf7-form-control-wrap\" data-name=\"your-message\"><textarea cols=\"30\" rows=\"3\" maxlength=\"2000\" class=\"wpcf7-form-control wpcf7-textarea\" aria-invalid=\"false\" placeholder=\"Mensaje\" name=\"your-message\"><\/textarea><\/span>\n\t<\/p>\n\t<p><input class=\"wpcf7-form-control wpcf7-submit has-spinner\" type=\"submit\" value=\"ENVIAR\" \/>\n\t<\/p>\n<\/div><div class=\"wpcf7-response-output\" aria-hidden=\"true\"><\/div>\n<\/form>\n<\/div>\n[\/vc_column][\/vc_row]<\/p>\n","protected":false},"excerpt":{"rendered":"<p>[vc_row full_width=\u00bbstretch_row_content_no_spaces\u00bb has_content=\u00bbfalse\u00bb css=\u00bb.vc_custom_1436443742744{margin-bottom: 60px !important;}\u00bb][vc_column][vc_single_image image=\u00bb998&#8243; img_size=\u00bbfull\u00bb alignment=\u00bbcenter\u00bb onclick=\u00bbcustom_link\u00bb img_link_target=\u00bb_blank\u00bb link=\u00bbhttps:\/\/www.google.com\/maps\/place\/Av.+C%C3%A2ndido+de+Abreu,+427+-+Centro+C%C3%ADvico,+Curitiba+-+PR,+80530-000\/@-25.4203352,-49.2684998,17z\/data=!4m5!3m4!1s0x94dce410a8a0611f:0x53eae2071dea1e7f!8m2!3d-25.4204321!4d-49.2696692&#8243;][\/vc_column][\/vc_row][vc_row css=\u00bb.vc_custom_1436444292332{padding-bottom: 20px !important;}\u00bb][vc_column width=\u00bb1\/2&#8243;][vc_custom_heading text=\u00bbUBICACI\u00d3N\u00bb font_container=\u00bbtag:h3|text_align:left\u00bb google_fonts=\u00bbfont_family:Open%20Sans%20Condensed%3A300%2C300italic%2C700|font_style:700%20bold%20regular%3A700%3Anormal\u00bb][vc_column_text]Tramo Sociedade Civil Estruturas Av. C\u00e2ndido de Abreu, 427, Cj. 401 Curitiba, [&hellip;]<\/p>\n","protected":false},"author":1,"featured_media":0,"parent":0,"menu_order":0,"comment_status":"open","ping_status":"open","template":"","meta":{"footnotes":""},"class_list":["post-15","page","type-page","status-publish","hentry"],"_links":{"self":[{"href":"https:\/\/www.fabriciomuller.com.br\/ingenieria\/wp-json\/wp\/v2\/pages\/15","targetHints":{"allow":["GET"]}}],"collection":[{"href":"https:\/\/www.fabriciomuller.com.br\/ingenieria\/wp-json\/wp\/v2\/pages"}],"about":[{"href":"https:\/\/www.fabriciomuller.com.br\/ingenieria\/wp-json\/wp\/v2\/types\/page"}],"author":[{"embeddable":true,"href":"https:\/\/www.fabriciomuller.com.br\/ingenieria\/wp-json\/wp\/v2\/users\/1"}],"replies":[{"embeddable":true,"href":"https:\/\/www.fabriciomuller.com.br\/ingenieria\/wp-json\/wp\/v2\/comments?post=15"}],"version-history":[{"count":5,"href":"https:\/\/www.fabriciomuller.com.br\/ingenieria\/wp-json\/wp\/v2\/pages\/15\/revisions"}],"predecessor-version":[{"id":858,"href":"https:\/\/www.fabriciomuller.com.br\/ingenieria\/wp-json\/wp\/v2\/pages\/15\/revisions\/858"}],"wp:attachment":[{"href":"https:\/\/www.fabriciomuller.com.br\/ingenieria\/wp-json\/wp\/v2\/media?parent=15"}],"curies":[{"name":"wp","href":"https:\/\/api.w.org\/{rel}","templated":true}]}}