{"id":5,"date":"2014-11-11T11:09:47","date_gmt":"2014-11-11T11:09:47","guid":{"rendered":"http:\/\/anpsthemes.com\/constructo\/?page_id=5"},"modified":"2021-07-09T18:53:24","modified_gmt":"2021-07-09T23:53:24","slug":"home","status":"publish","type":"page","link":"https:\/\/www.fabriciomuller.com.br\/ingenieria\/","title":{"rendered":"HOME"},"content":{"rendered":"<p>[vc_row has_content=\u00bbtrue\u00bb][vc_column][rev_slider_vc alias=\u00bbmain-slider\u00bb][\/vc_column][\/vc_row][vc_row full_width=\u00bbstretch_row\u00bb content_placement=\u00bbmiddle\u00bb css=\u00bb.vc_custom_1625874739640{padding-top: 35px !important;padding-bottom: 10px !important;background-color: #cb3b3f !important;background-position: center !important;background-repeat: no-repeat !important;background-size: cover !important;}\u00bb has_content=\u00bbinside\u00bb][vc_column width=\u00bb5\/6&#8243;][vc_column_text css=\u00bb.vc_custom_1532956065953{margin-top: -10px !important;}\u00bb]<\/p>\n<h2 style=\"text-align: left;\"><span style=\"color: #ffffff;\">\u00a1ENTRE EN CONTACTO PARA SERVICIOS DE CONSULTOR\u00cdA!<\/span><\/h2>\n<p>[\/vc_column_text][\/vc_column][vc_column width=\u00bb1\/6&#8243;][vc_btn title=\u00bbHAGA CLIC AQU\u00cd\u00bb color=\u00bbdefault\u00bb link=\u00bburl:https%3A%2F%2Fwww.fabriciomuller.com.br%2Fingenieria%2Fcontacto|||\u00bb][\/vc_column][\/vc_row][vc_row css=\u00bb.vc_custom_1436447905882{margin-bottom: 50px !important;}\u00bb][vc_column width=\u00bb1\/3&#8243;][vc_empty_space][vc_custom_heading text=\u00bbOBTENCI\u00d3N DEL VALOR ESPERADO DE ENERG\u00cdA Y POTENCIA GENERABLES PARA APROVECHAMIENTOS HIDROEL\u00c9CTRICOS Y EL RESPETIVO INGRESO ESPERADO\u00bb font_container=\u00bbtag:h4|text_align:center|color:%23dd3333&#8243; google_fonts=\u00bbfont_family:Arimo%3Aregular%2Citalic%2C700%2C700italic|font_style:400%20regular%3A400%3Anormal\u00bb][vc_separator color=\u00bbmulled_wine\u00bb border_width=\u00bb2&#8243;][vc_custom_heading text=\u00bbAN\u00c1LISIS DE EMBALSES CONSIDERANDO AN\u00c1LISIS MULTIOBJECTIVO\u00bb font_container=\u00bbtag:h4|text_align:center|color:%23dd3333&#8243; google_fonts=\u00bbfont_family:Arimo%3Aregular%2Citalic%2C700%2C700italic|font_style:400%20regular%3A400%3Anormal\u00bb][vc_separator color=\u00bbmulled_wine\u00bb border_width=\u00bb2&#8243;][vc_custom_heading text=\u00bbESTUDIOS HIDROL\u00d3GICOS Y CLIMATOL\u00d3GICOS\u00bb font_container=\u00bbtag:h4|text_align:center|color:%23dd3333&#8243; google_fonts=\u00bbfont_family:Arimo%3Aregular%2Citalic%2C700%2C700italic|font_style:400%20regular%3A400%3Anormal\u00bb][vc_separator color=\u00bbmulled_wine\u00bb border_width=\u00bb2&#8243;][vc_custom_heading text=\u00bbAN\u00c1LISIS INSTITUCIONAL DE GENERACI\u00d3N DE ENERG\u00cdA\u00bb font_container=\u00bbtag:h4|text_align:center|color:%23dd3333&#8243; google_fonts=\u00bbfont_family:Arimo%3Aregular%2Citalic%2C700%2C700italic|font_style:400%20regular%3A400%3Anormal\u00bb][\/vc_column][vc_column width=\u00bb1\/3&#8243;][vc_empty_space][vc_single_image image=\u00bb988&#8243; img_size=\u00bbfull\u00bb alignment=\u00bbcenter\u00bb][\/vc_column][vc_column width=\u00bb1\/3&#8243;][vc_empty_space][vc_custom_heading text=\u00bbESTUDIOS ENERG\u00c9TICOS PARA AN\u00c1LISIS DE PRODUCTIVIDAD DE APROVECHAMIENTOS HIDROEL\u00c9CTRICOS EXISTENTES\u00bb font_container=\u00bbtag:h4|text_align:center|color:%23dd3333&#8243; google_fonts=\u00bbfont_family:Arimo%3Aregular%2Citalic%2C700%2C700italic|font_style:400%20regular%3A400%3Anormal\u00bb][vc_separator color=\u00bbmulled_wine\u00bb border_width=\u00bb2&#8243;][vc_custom_heading text=\u00bbAN\u00c1LISIS ESTAD\u00cdSTICOS EN GENERAL\u00bb font_container=\u00bbtag:h4|text_align:center|color:%23dd3333&#8243; google_fonts=\u00bbfont_family:Arimo%3Aregular%2Citalic%2C700%2C700italic|font_style:400%20regular%3A400%3Anormal\u00bb][vc_separator color=\u00bbmulled_wine\u00bb border_width=\u00bb2&#8243;][vc_custom_heading text=\u00bbESTUDIOS ENERG\u00c9TICOS E HIDROL\u00d3GICOS DE APROVECHAMIENTOS HIDROEL\u00c9CTRICOS EN FASES DE INVENTARIO, FACTIBILIDAD Y B\u00c1SICO\u00bb font_container=\u00bbtag:h4|text_align:center|color:%23dd3333&#8243; google_fonts=\u00bbfont_family:Arimo%3Aregular%2Citalic%2C700%2C700italic|font_style:400%20regular%3A400%3Anormal\u00bb][vc_separator color=\u00bbmulled_wine\u00bb border_width=\u00bb2&#8243;][vc_custom_heading text=\u00bbAN\u00c1LISIS FINANCIERO DE PROYECTOS\u00bb font_container=\u00bbtag:h4|text_align:center|color:%23dd3333&#8243; google_fonts=\u00bbfont_family:Arimo%3Aregular%2Citalic%2C700%2C700italic|font_style:400%20regular%3A400%3Anormal\u00bb][\/vc_column][\/vc_row]<\/p>\n","protected":false},"excerpt":{"rendered":"<p>[vc_row has_content=\u00bbtrue\u00bb][vc_column][rev_slider_vc alias=\u00bbmain-slider\u00bb][\/vc_column][\/vc_row][vc_row full_width=\u00bbstretch_row\u00bb content_placement=\u00bbmiddle\u00bb css=\u00bb.vc_custom_1625874739640{padding-top: 35px !important;padding-bottom: 10px !important;background-color: #cb3b3f !important;background-position: center !important;background-repeat: no-repeat !important;background-size: cover !important;}\u00bb has_content=\u00bbinside\u00bb][vc_column width=\u00bb5\/6&#8243;][vc_column_text css=\u00bb.vc_custom_1532956065953{margin-top: -10px !important;}\u00bb] \u00a1ENTRE EN CONTACTO PARA SERVICIOS DE CONSULTOR\u00cdA! [&hellip;]<\/p>\n","protected":false},"author":1,"featured_media":0,"parent":0,"menu_order":0,"comment_status":"open","ping_status":"open","template":"","meta":{"footnotes":""},"class_list":["post-5","page","type-page","status-publish","hentry"],"_links":{"self":[{"href":"https:\/\/www.fabriciomuller.com.br\/ingenieria\/wp-json\/wp\/v2\/pages\/5","targetHints":{"allow":["GET"]}}],"collection":[{"href":"https:\/\/www.fabriciomuller.com.br\/ingenieria\/wp-json\/wp\/v2\/pages"}],"about":[{"href":"https:\/\/www.fabriciomuller.com.br\/ingenieria\/wp-json\/wp\/v2\/types\/page"}],"author":[{"embeddable":true,"href":"https:\/\/www.fabriciomuller.com.br\/ingenieria\/wp-json\/wp\/v2\/users\/1"}],"replies":[{"embeddable":true,"href":"https:\/\/www.fabriciomuller.com.br\/ingenieria\/wp-json\/wp\/v2\/comments?post=5"}],"version-history":[{"count":10,"href":"https:\/\/www.fabriciomuller.com.br\/ingenieria\/wp-json\/wp\/v2\/pages\/5\/revisions"}],"predecessor-version":[{"id":991,"href":"https:\/\/www.fabriciomuller.com.br\/ingenieria\/wp-json\/wp\/v2\/pages\/5\/revisions\/991"}],"wp:attachment":[{"href":"https:\/\/www.fabriciomuller.com.br\/ingenieria\/wp-json\/wp\/v2\/media?parent=5"}],"curies":[{"name":"wp","href":"https:\/\/api.w.org\/{rel}","templated":true}]}}