{"id":862,"date":"2018-07-30T08:19:40","date_gmt":"2018-07-30T13:19:40","guid":{"rendered":"http:\/\/www.fabriciomuller.com.br\/ingenieria\/?page_id=862"},"modified":"2021-07-09T19:07:19","modified_gmt":"2021-07-10T00:07:19","slug":"portafolio","status":"publish","type":"page","link":"https:\/\/www.fabriciomuller.com.br\/ingenieria\/portafolio\/","title":{"rendered":"PORTAFOLIO"},"content":{"rendered":"<p>[vc_row has_content=\u00bbtrue\u00bb][vc_column][rev_slider_vc alias=\u00bbportfolio\u00bb][\/vc_column][\/vc_row][vc_row full_width=\u00bbstretch_row\u00bb css=\u00bb.vc_custom_1531921647517{margin-top: -35px !important;margin-bottom: 50px !important;padding-top: 35px !important;padding-bottom: 35px !important;background-color: #cb3b3f !important;background-position: center !important;background-repeat: no-repeat !important;background-size: cover !important;}\u00bb has_content=\u00bbinside\u00bb][vc_column width=\u00bb5\/6&#8243;][vc_column_text css=\u00bb.vc_custom_1532956207141{margin-top: -10px !important;}\u00bb]<\/p>\n<h2 style=\"text-align: left;\"><span style=\"color: #ffffff;\">\u00a1ENTRE EN CONTACTO PARA SERVICIOS DE CONSULTOR\u00cdA!<\/span><\/h2>\n<p>[\/vc_column_text][\/vc_column][vc_column width=\u00bb1\/6&#8243;][vc_btn title=\u00bbHAGA CLIC AQU\u00cd\u00bb size=\u00bbsm\u00bb link=\u00bburl:http%3A%2F%2Fwww.fabriciomuller.com.br%2Fingenieria%2Fcontacto|||\u00bb][\/vc_column][\/vc_row][vc_row][vc_column][vc_custom_heading text=\u00bbPORTAFOLIO\u00bb font_container=\u00bbtag:h3|text_align:center\u00bb google_fonts=\u00bbfont_family:Open%20Sans%20Condensed%3A300%2C300italic%2C700|font_style:700%20bold%20regular%3A700%3Anormal\u00bb][vc_column_text]<\/p>\n<p style=\"text-align: center;\">Conozca algunas de mis participaciones en obras hidr\u00e1ulicas: para informaciones, basta hacer clic en las im\u00e1genes abajo.<\/p>\n<p>[\/vc_column_text][vc_empty_space height=\u00bb50px\u00bb][\/vc_column][\/vc_row][vc_row css=\u00bb.vc_custom_1436447905882{margin-bottom: 50px !important;}\u00bb][vc_column width=\u00bb1\/3&#8243;][vc_hoverbox image=\u00bb867&#8243; primary_title=\u00bb\u00bb hover_title=\u00bbC. HIDROEL\u00c9CTRICA CHAGLLA\u00bb]<\/p>\n<p style=\"text-align: center;\">Inicial: 07\/2011 | Final: 11\/2016<br \/>\nCliente: Construtora Odebrecht<br \/>\nPa\u00eds: Per\u00fa<br \/>\nPotencia: 456 MW<br \/>\nAlcance: Factibilidad y Proyecto B\u00e1sico<\/p>\n<p style=\"text-align: center;\">Responsable de los estudios energ\u00e9ticos, evaluaci\u00f3n socioecon\u00f3mica y an\u00e1lisis de costos.<\/p>\n<p>[\/vc_hoverbox][\/vc_column][vc_column width=\u00bb1\/3&#8243;][vc_hoverbox image=\u00bb868&#8243; primary_title=\u00bb\u00bb hover_title=\u00bbLA\u00daCA\u00bb]<\/p>\n<p style=\"text-align: center;\">Inicial: 03\/2015 | Final: 11\/2016<br \/>\nCliente: Construtora Odebrecht<br \/>\nPa\u00eds: Angola<br \/>\nPotencia: 2000 MW<br \/>\nAlcance: Inventario, Factibilidad, Proyectos B\u00e1sico y Ejecutivo<\/p>\n<p style=\"text-align: center;\">Responsable de los estudios energ\u00e9ticos, de operaci\u00f3n del embalse -contribuyente en el an\u00e1lisis de riesgos en el llenado del embalse.<\/p>\n<p>[\/vc_hoverbox][\/vc_column][vc_column width=\u00bb1\/3&#8243;][vc_hoverbox image=\u00bb869&#8243; primary_title=\u00bb\u00bb hover_title=\u00bbUHE BELO MONTE\u00bb]<\/p>\n<p style=\"text-align: center;\">Inicial: 03\/2009 | Final: 12\/2014<br \/>\nCliente: Norte Energia (Nesa)<br \/>\nPa\u00eds: Brasil<br \/>\nPotencia: 11233,1 MW<br \/>\nAlcance: Estudios para Subasta<\/p>\n<p style=\"text-align: center;\">Responsable de los estudios energ\u00e9ticos, evaluaci\u00f3n socioecon\u00f3mic a, an\u00e1lisis de costos, an\u00e1lisis de operaci\u00f3n y usos m\u00faltiples del embalse<\/p>\n<p>[\/vc_hoverbox][\/vc_column][\/vc_row][vc_row css=\u00bb.vc_custom_1436447905882{margin-bottom: 50px !important;}\u00bb][vc_column width=\u00bb1\/3&#8243;][vc_hoverbox image=\u00bb870&#8243; primary_title=\u00bb\u00bb hover_title=\u00bbUHE FERREIRA GOMES\u00bb]<\/p>\n<p style=\"text-align: center;\">Inicial: 11\/2008 | Final: 11\/2009<br \/>\nCliente: Construtora Odebrecht<br \/>\nPa\u00eds: Brasil<br \/>\nPotencia: 252 MW<br \/>\nAlcance: Factibilidad<\/p>\n<p style=\"text-align: center;\">Responsable de los estudios energ\u00e9ticos y evaluaci\u00f3n socioecon\u00f3mica<\/p>\n<p>[\/vc_hoverbox][\/vc_column][vc_column width=\u00bb1\/3&#8243;][vc_hoverbox image=\u00bb871&#8243; primary_title=\u00bb\u00bb hover_title=\u00bbDERIVACI\u00d3N DEL RIO JORD\u00c3O\u00bb]<\/p>\n<p style=\"text-align: center;\">Inicial: 06\/1994 | Final: 05\/1996<br \/>\nCliente: Copel<br \/>\nPa\u00eds: Brasil<br \/>\nPotencia: &#8212;<br \/>\nAlcance: Proyecto B\u00e1sico<\/p>\n<p style=\"text-align: center;\">Responsable de los estudios hidrol\u00f3gicos<\/p>\n<p>[\/vc_hoverbox][vc_empty_space height=\u00bb80px\u00bb][\/vc_column][vc_column width=\u00bb1\/3&#8243;][vc_hoverbox image=\u00bb872&#8243; primary_title=\u00bb\u00bb hover_title=\u00bbUHE MAU\u00c1 &#8211; RIO TIBAGI\u00bb]<\/p>\n<p style=\"text-align: center;\">Inicial: 06\/1994| Final: 05\/1996<br \/>\nCliente: Copel<br \/>\nPa\u00eds: Brasil<br \/>\nPotencia: 363 MW<br \/>\nAlcance: Inventario<\/p>\n<p style=\"text-align: center;\">Responsable de los estudios hidrol\u00f3gicos<\/p>\n<p>[\/vc_hoverbox][\/vc_column][\/vc_row][vc_row][vc_column width=\u00bb1\/3&#8243;][\/vc_column][vc_column width=\u00bb1\/3&#8243;][vc_btn title=\u00bbLISTAGEN COMPLETA PROYECTOS\u00bb color=\u00bbdanger\u00bb link=\u00bburl:http%3A%2F%2Fwww.fabriciomuller.com.br%2Fingenieria%2Fwp-content%2Fuploads%2F2018%2F07%2Fportfolio_espanol.pdf||target:%20_blank|\u00bb][\/vc_column][vc_column width=\u00bb1\/3&#8243;][\/vc_column][\/vc_row]<\/p>\n","protected":false},"excerpt":{"rendered":"<p>[vc_row has_content=\u00bbtrue\u00bb][vc_column][rev_slider_vc alias=\u00bbportfolio\u00bb][\/vc_column][\/vc_row][vc_row full_width=\u00bbstretch_row\u00bb css=\u00bb.vc_custom_1531921647517{margin-top: -35px !important;margin-bottom: 50px !important;padding-top: 35px !important;padding-bottom: 35px !important;background-color: #cb3b3f !important;background-position: center !important;background-repeat: no-repeat !important;background-size: cover !important;}\u00bb has_content=\u00bbinside\u00bb][vc_column width=\u00bb5\/6&#8243;][vc_column_text css=\u00bb.vc_custom_1532956207141{margin-top: -10px !important;}\u00bb] \u00a1ENTRE EN CONTACTO PARA [&hellip;]<\/p>\n","protected":false},"author":1,"featured_media":0,"parent":0,"menu_order":0,"comment_status":"open","ping_status":"open","template":"","meta":{"footnotes":""},"class_list":["post-862","page","type-page","status-publish","hentry"],"_links":{"self":[{"href":"https:\/\/www.fabriciomuller.com.br\/ingenieria\/wp-json\/wp\/v2\/pages\/862","targetHints":{"allow":["GET"]}}],"collection":[{"href":"https:\/\/www.fabriciomuller.com.br\/ingenieria\/wp-json\/wp\/v2\/pages"}],"about":[{"href":"https:\/\/www.fabriciomuller.com.br\/ingenieria\/wp-json\/wp\/v2\/types\/page"}],"author":[{"embeddable":true,"href":"https:\/\/www.fabriciomuller.com.br\/ingenieria\/wp-json\/wp\/v2\/users\/1"}],"replies":[{"embeddable":true,"href":"https:\/\/www.fabriciomuller.com.br\/ingenieria\/wp-json\/wp\/v2\/comments?post=862"}],"version-history":[{"count":10,"href":"https:\/\/www.fabriciomuller.com.br\/ingenieria\/wp-json\/wp\/v2\/pages\/862\/revisions"}],"predecessor-version":[{"id":1000,"href":"https:\/\/www.fabriciomuller.com.br\/ingenieria\/wp-json\/wp\/v2\/pages\/862\/revisions\/1000"}],"wp:attachment":[{"href":"https:\/\/www.fabriciomuller.com.br\/ingenieria\/wp-json\/wp\/v2\/media?parent=862"}],"curies":[{"name":"wp","href":"https:\/\/api.w.org\/{rel}","templated":true}]}}