{"id":875,"date":"2018-07-30T09:06:49","date_gmt":"2018-07-30T14:06:49","guid":{"rendered":"http:\/\/www.fabriciomuller.com.br\/ingenieria\/?page_id=875"},"modified":"2021-07-09T18:55:28","modified_gmt":"2021-07-09T23:55:28","slug":"servicios","status":"publish","type":"page","link":"https:\/\/www.fabriciomuller.com.br\/ingenieria\/servicios\/","title":{"rendered":"SERVICIOS"},"content":{"rendered":"<p>[vc_row has_content=\u00bbtrue\u00bb][vc_column][rev_slider_vc alias=\u00bbservicos\u00bb][\/vc_column][\/vc_row][vc_row full_width=\u00bbstretch_row\u00bb css=\u00bb.vc_custom_1625874907266{margin-top: 0px !important;margin-bottom: 50px !important;padding-top: 35px !important;padding-bottom: 15px !important;background-color: #cb3b3f !important;background-position: center !important;background-repeat: no-repeat !important;background-size: cover !important;}\u00bb has_content=\u00bbinside\u00bb][vc_column width=\u00bb5\/6&#8243;][vc_column_text css=\u00bb.vc_custom_1532959145113{margin-top: -10px !important;}\u00bb]<\/p>\n<h3 style=\"text-align: left;\"><span style=\"color: #ffffff;\">\u00a1ENTRE EN CONTACTO PARA SERVICIOS DE CONSULTOR\u00cdA!!<\/span><\/h3>\n<p>[\/vc_column_text][\/vc_column][vc_column width=\u00bb1\/6&#8243;][vc_btn title=\u00bbHAGA CLIC AQU\u00cd\u00bb size=\u00bbsm\u00bb link=\u00bburl:http%3A%2F%2Fwww.fabriciomuller.com.br%2Fingenieria%2Fcontacto|||\u00bb][\/vc_column][\/vc_row][vc_row full_width=\u00bbstretch_row\u00bb has_content=\u00bbfalse\u00bb el_class=\u00bbtext-center\u00bb css=\u00bb.vc_custom_1531932257795{padding-top: 60px !important;padding-bottom: 60px !important;}\u00bb][vc_column][vc_separator][vc_single_image image=\u00bb971&#8243; img_size=\u00bbfull\u00bb][vc_custom_heading text=\u00bbOBTENCI\u00d3N DEL VALOR ESPERADO DE ENERG\u00cdA Y POTENCIA GENERABLES PARA APROVECHAMIENTOS HIDROEL\u00c9CTRICOS Y EL RESPETIVO INGRESO ESPERADO\u00bb font_container=\u00bbtag:h3|text_align:center|color:%23000000&#8243; google_fonts=\u00bbfont_family:Open%20Sans%20Condensed%3A300%2C300italic%2C700|font_style:700%20bold%20regular%3A700%3Anormal\u00bb][vc_column_text]<\/p>\n<p style=\"text-align: center;\">Dada la variabilidad hidrol\u00f3gica, es esencial estimar de antemano la energ\u00eda que se genera en proyectos de centrales hidroel\u00e9ctricas, tanto en t\u00e9rminos de valor esperado como en t\u00e9rminos de seguridad energ\u00e9tica (para las estaciones de bajas afluencias). En varios pa\u00edses, m\u00e1s all\u00e1 de la energ\u00eda esperada, hay criterios para el c\u00e1lculo de la potencia comercializable, que tambi\u00e9n depende de la variabilidad hidrol\u00f3gica en el sitio de la planta.<\/p>\n<p style=\"text-align: center;\">La consultor\u00eda tiene como uno de sus servicios el c\u00e1lculo de la energ\u00eda y potencia generables en una planta de energ\u00eda hidroel\u00e9ctrica y, en consecuencia, su ingreso esperado. Estos c\u00e1lculos dependen de las caracter\u00edsticas f\u00edsicas de la planta, de su hidrolog\u00eda y de las normas nacionales de comercializaci\u00f3n en cada caso.<\/p>\n<p style=\"text-align: center;\">En el caso brasile\u00f1o esto se hace teniendo en cuenta las reglas de c\u00e1lculo oficiales, atrav\u00e9s de simulaciones para obtenci\u00f3n dela energ\u00eda firme y de la garant\u00eda f\u00edsica de las centrales hidroel\u00e9ctricas (UHEs), y del c\u00e1lculo espec\u00edfico de garant\u00eda f\u00edsica para peque\u00f1as centrales hidroel\u00e9ctricas (PCHs). El c\u00e1lculo de los ingresos esperados se hace en el contexto de la MRE (Mecanismo de Reasignaci\u00f3n de Energ\u00eda).<\/p>\n<p style=\"text-align: center;\">Cada pa\u00eds tiene su propia metodolog\u00eda de c\u00e1lculo de energ\u00edas y potencias comercializables, que requiere conocimientos espec\u00edficos en cada caso. El consultor tiene experiencia en este tipo de an\u00e1lisis en estudios hechos para para varios pa\u00edses, como M\u00e9xico, Guatemala, Per\u00fa, Argentina, El Salvador, Angola, Guyana, Bolivia, Honduras, Mozambique.<\/p>\n<p>[\/vc_column_text][vc_single_image image=\u00bb972&#8243; img_size=\u00bbfull\u00bb][vc_custom_heading text=\u00bbESTUDIOS HIDROL\u00d3GICOS Y CLIMATOL\u00d3GICOS\u00bb font_container=\u00bbtag:h3|text_align:center|color:%23000000&#8243; google_fonts=\u00bbfont_family:Open%20Sans%20Condensed%3A300%2C300italic%2C700|font_style:700%20bold%20regular%3A700%3Anormal\u00bb][vc_column_text]<\/p>\n<p style=\"text-align: center;\">La consultor\u00eda ofrece diversos servicios en estudios hidrol\u00f3gicos, a partir de la experiencia del consultor en el campo: c\u00e1lculo de caudales m\u00e1ximos y m\u00ednimos, obtenci\u00f3n de series hist\u00f3ricas de caudales y de precipitaciones, previsi\u00f3n de caudales, c\u00e1lculo de evaporaci\u00f3n, estudios de remanso, crecida m\u00e1xima probable (CMP), drenaje, hidrograma de crecida.<\/p>\n<p style=\"text-align: center;\">La consultor\u00eda tambi\u00e9n ofrece servicios de estudios climatol\u00f3gicos de diversas magnitudes meteorol\u00f3gicas, como temperatura, insolaci\u00f3n, humedad, viento, presi\u00f3n, punto de roc\u00edo.<\/p>\n<p>[\/vc_column_text][vc_single_image image=\u00bb973&#8243; img_size=\u00bbfull\u00bb][vc_custom_heading text=\u00bbESTUDIOS ENERG\u00c9TICOS E HIDROL\u00d3GICOS DE APROVECHAMIENTOS HIDROEL\u00c9CTRICOS EN FASES DE INVENTARIO, FACTIBILIDAD Y B\u00c1SICO\u00bb font_container=\u00bbtag:h3|text_align:center|color:%23000000&#8243; google_fonts=\u00bbfont_family:Open%20Sans%20Condensed%3A300%2C300italic%2C700|font_style:700%20bold%20regular%3A700%3Anormal\u00bb][vc_column_text]<\/p>\n<p style=\"text-align: center;\">En un estudio de un aprovechamiento hidroel\u00e9ctrico se siguen los siguientes pasos:<\/p>\n<p style=\"text-align: center;\">\u2022 Inventario: es la etapa en quese obtiene la partici\u00f3n de ca\u00eddas de una cascada, es decir, las ubicaciones y los niveles m\u00e1ximos de las plantas que se construir\u00e1n en una dada parte del r\u00edo estudiado.<br \/>\n\u2022 Factibilidad: fase en la cual se obtiene la potencia instalada y los niveles m\u00ednimos del embalse para un eje establecido en Inventario, y en la cual sedetalla el arreglo obtenido en la etapa anterior. En Brasil, esta fase s\u00f3lo es necesaria para las plantas con m\u00e1s de 30 MW instalados.<br \/>\n\u2022 Proyecto B\u00e1sico: en el caso de centrales hidroel\u00e9ctricas con m\u00e1s de 30 MW, estaes la etapa de estudios de detalle a partir de los estudios de Factibilidad. En Brasil no hay estudio de Factibilidad para peque\u00f1as centrales, por lo que el dise\u00f1o b\u00e1sico tiene la misma funci\u00f3n que aquella fase.<br \/>\n\u2022 Proyecto Ejecutivo: fase de ejecuci\u00f3n del proyecto.<\/p>\n<p style=\"text-align: center;\">La consultor\u00eda ofrece servicios de energ\u00eda y estudios hidrol\u00f3gicos para las fases de Inventario, Factibilidad y B\u00e1sico, que comprende:<\/p>\n<p style=\"text-align: center;\">\u2022 C\u00e1lculo de potencia instalada.<br \/>\n\u2022 C\u00e1lculo del nivel m\u00ednimo del embalse.<br \/>\n\u2022 Obtenci\u00f3n de los ingresos esperados.<br \/>\n\u2022 C\u00e1lculo de la mejor alternativa en estudios en fase de Inventario.<br \/>\n\u2022 Estudios hidrol\u00f3gicos: obtenci\u00f3n de caudales m\u00e1ximos y m\u00ednimos, series hist\u00f3ricas de afluencias, evaporaciones.<br \/>\n\u2022 Estudios climatol\u00f3gicos y fisiogr\u00e1ficos.<\/p>\n<p>[\/vc_column_text][vc_single_image image=\u00bb974&#8243; img_size=\u00bbfull\u00bb][vc_custom_heading text=\u00bbAN\u00c1LISIS INSTITUCIONAL DE GENERACI\u00d3N DE ENERG\u00cdA\u00bb font_container=\u00bbtag:h3|text_align:center|color:%23000000&#8243; google_fonts=\u00bbfont_family:Open%20Sans%20Condensed%3A300%2C300italic%2C700|font_style:700%20bold%20regular%3A700%3Anormal\u00bb][vc_column_text]<\/p>\n<p style=\"text-align: center;\">La consultor\u00eda ofrece servicios de auxilio institucional al generador de energ\u00eda englobando, por ejemplo, an\u00e1lisis de indisponibilidades, garant\u00eda f\u00edsica, generaci\u00f3n efectiva energ\u00eda y comercializaci\u00f3n.<\/p>\n<p>[\/vc_column_text][vc_single_image image=\u00bb975&#8243; img_size=\u00bbfull\u00bb][vc_custom_heading text=\u00bbESTUDIOS ENERG\u00c9TICOS PARA AN\u00c1LISIS DE PRODUCTIVIDAD DE APROVECHAMIENTOS HIDROEL\u00c9CTRICOS EXISTENTES\u00bb font_container=\u00bbtag:h3|text_align:center|color:%23000000&#8243; google_fonts=\u00bbfont_family:Open%20Sans%20Condensed%3A300%2C300italic%2C700|font_style:700%20bold%20regular%3A700%3Anormal\u00bb][vc_column_text]<\/p>\n<p style=\"text-align: center;\">Al evaluar el potencial de energ\u00eda de una central hidroel\u00e9ctrica en operaci\u00f3n es necesario evaluar, dados los caudales efectivamente ocurridos, si la energ\u00eda generada fue compatible a la prevista en fase de proyecto. Este an\u00e1lisis, denominado an\u00e1lisis de producibilidad, es ofrecido por la consultora a partir de su experiencia profesional.<\/p>\n<p>[\/vc_column_text][vc_single_image image=\u00bb976&#8243; img_size=\u00bbfull\u00bb][vc_custom_heading text=\u00bbAN\u00c1LISIS ESTAD\u00cdSTICOS EN GENERAL\u00bb font_container=\u00bbtag:h3|text_align:center|color:%23000000&#8243; google_fonts=\u00bbfont_family:Open%20Sans%20Condensed%3A300%2C300italic%2C700|font_style:700%20bold%20regular%3A700%3Anormal\u00bb][vc_column_text]<\/p>\n<p style=\"text-align: center;\">Debido a la experiencia del consultor en an\u00e1lisis estad\u00edsticos, la consultor\u00eda ofrece servicios de estudios estad\u00edsticos para diferentes \u00e1reas (ingenier\u00eda, econom\u00eda, biol\u00f3gico o humanas). Estos servicios incluyen el an\u00e1lisis de experimentos, estudios sociales, an\u00e1lisis de riesgos y confiabilidad, etc.<\/p>\n<p>[\/vc_column_text][vc_single_image image=\u00bb977&#8243; img_size=\u00bbfull\u00bb][vc_custom_heading text=\u00bbAN\u00c1LISIS FINANCIERO DE PROYECTOS\u00bb font_container=\u00bbtag:h3|text_align:center|color:%23000000&#8243; google_fonts=\u00bbfont_family:Open%20Sans%20Condensed%3A300%2C300italic%2C700|font_style:700%20bold%20regular%3A700%3Anormal\u00bb][vc_column_text]<\/p>\n<p style=\"text-align: center;\">A partir de los ingresos y los costos esperados, la consultor\u00eda ofrece servicios de an\u00e1lisis financiera para proyectos de generaci\u00f3n de electricidad, considerando tasa interna de retorno, valor presente neto, an\u00e1lisis de riesgos, costos de capital, etc.<\/p>\n<p>[\/vc_column_text][vc_single_image image=\u00bb978&#8243; img_size=\u00bbfull\u00bb][vc_custom_heading text=\u00bbESTUDIOS DE RESERVATORIO CONSIDERANDO AN\u00c1LISIS MULTIOBJETIVO\u00bb font_container=\u00bbtag:h3|text_align:center|color:%23000000&#8243; google_fonts=\u00bbfont_family:Open%20Sans%20Condensed%3A300%2C300italic%2C700|font_style:700%20bold%20regular%3A700%3Anormal\u00bb][vc_column_text]<\/p>\n<p style=\"text-align: center;\">La consultor\u00eda ofrece estudios de reservorio considerando diversos usos, en paralelo o no, como generaci\u00f3n de energ\u00eda, control de inundaciones, irrigaci\u00f3n y usos recreativos.<\/p>\n<p>[\/vc_column_text][\/vc_column][\/vc_row]<\/p>\n","protected":false},"excerpt":{"rendered":"<p>[vc_row has_content=\u00bbtrue\u00bb][vc_column][rev_slider_vc alias=\u00bbservicos\u00bb][\/vc_column][\/vc_row][vc_row full_width=\u00bbstretch_row\u00bb css=\u00bb.vc_custom_1625874907266{margin-top: 0px !important;margin-bottom: 50px !important;padding-top: 35px !important;padding-bottom: 15px !important;background-color: #cb3b3f !important;background-position: center !important;background-repeat: no-repeat !important;background-size: cover !important;}\u00bb has_content=\u00bbinside\u00bb][vc_column width=\u00bb5\/6&#8243;][vc_column_text css=\u00bb.vc_custom_1532959145113{margin-top: -10px !important;}\u00bb] \u00a1ENTRE EN CONTACTO PARA [&hellip;]<\/p>\n","protected":false},"author":1,"featured_media":0,"parent":0,"menu_order":0,"comment_status":"open","ping_status":"open","template":"","meta":{"footnotes":""},"class_list":["post-875","page","type-page","status-publish","hentry"],"_links":{"self":[{"href":"https:\/\/www.fabriciomuller.com.br\/ingenieria\/wp-json\/wp\/v2\/pages\/875","targetHints":{"allow":["GET"]}}],"collection":[{"href":"https:\/\/www.fabriciomuller.com.br\/ingenieria\/wp-json\/wp\/v2\/pages"}],"about":[{"href":"https:\/\/www.fabriciomuller.com.br\/ingenieria\/wp-json\/wp\/v2\/types\/page"}],"author":[{"embeddable":true,"href":"https:\/\/www.fabriciomuller.com.br\/ingenieria\/wp-json\/wp\/v2\/users\/1"}],"replies":[{"embeddable":true,"href":"https:\/\/www.fabriciomuller.com.br\/ingenieria\/wp-json\/wp\/v2\/comments?post=875"}],"version-history":[{"count":10,"href":"https:\/\/www.fabriciomuller.com.br\/ingenieria\/wp-json\/wp\/v2\/pages\/875\/revisions"}],"predecessor-version":[{"id":996,"href":"https:\/\/www.fabriciomuller.com.br\/ingenieria\/wp-json\/wp\/v2\/pages\/875\/revisions\/996"}],"wp:attachment":[{"href":"https:\/\/www.fabriciomuller.com.br\/ingenieria\/wp-json\/wp\/v2\/media?parent=875"}],"curies":[{"name":"wp","href":"https:\/\/api.w.org\/{rel}","templated":true}]}}